{"id":4293,"date":"2023-07-26T10:15:23","date_gmt":"2023-07-26T10:15:23","guid":{"rendered":"https:\/\/www.sac-spa.it\/victoria\/"},"modified":"2023-08-02T10:35:12","modified_gmt":"2023-08-02T10:35:12","slug":"victoria","status":"publish","type":"page","link":"https:\/\/www.sac-spa.it\/fr\/victoria\/","title":{"rendered":"Victoria"},"content":{"rendered":"\t\t<div data-elementor-type=\"wp-page\" data-elementor-id=\"4293\" class=\"elementor elementor-4293 elementor-4233\" data-elementor-post-type=\"page\">\n\t\t\t\t\t\t<section class=\"elementor-section elementor-top-section elementor-element elementor-element-ccacc76 elementor-section-boxed elementor-section-height-default elementor-section-height-default\" data-id=\"ccacc76\" data-element_type=\"section\" data-settings=\"{&quot;background_background&quot;:&quot;classic&quot;}\">\n\t\t\t\t\t\t<div class=\"elementor-container elementor-column-gap-default\">\n\t\t\t\t\t<div class=\"elementor-column elementor-col-100 elementor-top-column elementor-element elementor-element-c3fa425\" data-id=\"c3fa425\" data-element_type=\"column\">\n\t\t\t<div class=\"elementor-widget-wrap elementor-element-populated\">\n\t\t\t\t\t\t<div class=\"elementor-element elementor-element-68a78e3 elementor-widget elementor-widget-heading\" data-id=\"68a78e3\" data-element_type=\"widget\" data-widget_type=\"heading.default\">\n\t\t\t\t<div class=\"elementor-widget-container\">\n\t\t\t<style>\/*! elementor - v3.19.0 - 07-02-2024 *\/\n.elementor-heading-title{padding:0;margin:0;line-height:1}.elementor-widget-heading .elementor-heading-title[class*=elementor-size-]>a{color:inherit;font-size:inherit;line-height:inherit}.elementor-widget-heading .elementor-heading-title.elementor-size-small{font-size:15px}.elementor-widget-heading .elementor-heading-title.elementor-size-medium{font-size:19px}.elementor-widget-heading .elementor-heading-title.elementor-size-large{font-size:29px}.elementor-widget-heading .elementor-heading-title.elementor-size-xl{font-size:39px}.elementor-widget-heading .elementor-heading-title.elementor-size-xxl{font-size:59px}<\/style><h1 class=\"elementor-heading-title elementor-size-default\">SAC S.p.A.<\/h1>\t\t<\/div>\n\t\t\t\t<\/div>\n\t\t\t\t<div class=\"elementor-element elementor-element-a6d8261 elementor-widget elementor-widget-heading\" data-id=\"a6d8261\" data-element_type=\"widget\" data-widget_type=\"heading.default\">\n\t\t\t\t<div class=\"elementor-widget-container\">\n\t\t\t<h1 class=\"elementor-heading-title elementor-size-default\">La tradition des conserves alimentaires sur le march\u00e9 mondial<\/h1>\t\t<\/div>\n\t\t\t\t<\/div>\n\t\t\t\t<div class=\"elementor-element elementor-element-baae2a0 elementor-widget elementor-widget-text-editor\" data-id=\"baae2a0\" data-element_type=\"widget\" data-widget_type=\"text-editor.default\">\n\t\t\t\t<div class=\"elementor-widget-container\">\n\t\t\t<style>\/*! elementor - v3.19.0 - 07-02-2024 *\/\n.elementor-widget-text-editor.elementor-drop-cap-view-stacked .elementor-drop-cap{background-color:#69727d;color:#fff}.elementor-widget-text-editor.elementor-drop-cap-view-framed .elementor-drop-cap{color:#69727d;border:3px solid;background-color:transparent}.elementor-widget-text-editor:not(.elementor-drop-cap-view-default) .elementor-drop-cap{margin-top:8px}.elementor-widget-text-editor:not(.elementor-drop-cap-view-default) .elementor-drop-cap-letter{width:1em;height:1em}.elementor-widget-text-editor .elementor-drop-cap{float:left;text-align:center;line-height:1;font-size:50px}.elementor-widget-text-editor .elementor-drop-cap-letter{display:inline-block}<\/style>\t\t\t\t<p style=\"text-align: center;\">Victoria est la marque sous laquelle SAC est pr\u00e9sent dans les rayons des supermarch\u00e9s du monde entier, avec une large gamme de produits \u00e0 base de tomates, mais aussi de l\u00e9gumes secs et de fruits en conserve, de p\u00e2tes, d\u2019huile, de vinaigre et bien d\u2019autres choses encore.<\/p>\n\t\t\t\t\t\t<\/div>\n\t\t\t\t<\/div>\n\t\t\t\t\t<\/div>\n\t\t<\/div>\n\t\t\t\t\t<\/div>\n\t\t<\/section>\n\t\t\t\t<section class=\"elementor-section elementor-top-section elementor-element elementor-element-a0994eb elementor-section-height-min-height elementor-section-boxed elementor-section-height-default elementor-section-items-middle\" data-id=\"a0994eb\" data-element_type=\"section\" data-settings=\"{&quot;background_background&quot;:&quot;classic&quot;}\">\n\t\t\t\t\t\t<div class=\"elementor-container elementor-column-gap-default\">\n\t\t\t\t\t<div class=\"elementor-column elementor-col-100 elementor-top-column elementor-element elementor-element-80d7e06\" data-id=\"80d7e06\" data-element_type=\"column\">\n\t\t\t<div class=\"elementor-widget-wrap\">\n\t\t\t\t\t\t\t<\/div>\n\t\t<\/div>\n\t\t\t\t\t<\/div>\n\t\t<\/section>\n\t\t\t\t<section class=\"elementor-section elementor-top-section elementor-element elementor-element-7f7c2c4 elementor-section-full_width elementor-reverse-tablet elementor-reverse-mobile elementor-section-height-default elementor-section-height-default\" data-id=\"7f7c2c4\" data-element_type=\"section\" data-settings=\"{&quot;background_background&quot;:&quot;classic&quot;}\">\n\t\t\t\t\t\t<div class=\"elementor-container elementor-column-gap-default\">\n\t\t\t\t\t<div class=\"elementor-column elementor-col-50 elementor-top-column elementor-element elementor-element-73f50c2\" data-id=\"73f50c2\" data-element_type=\"column\" data-settings=\"{&quot;background_background&quot;:&quot;classic&quot;}\">\n\t\t\t<div class=\"elementor-widget-wrap elementor-element-populated\">\n\t\t\t\t\t\t<div class=\"elementor-element elementor-element-1cf68a7 elementor-widget elementor-widget-image\" data-id=\"1cf68a7\" data-element_type=\"widget\" data-widget_type=\"image.default\">\n\t\t\t\t<div class=\"elementor-widget-container\">\n\t\t\t<style>\/*! elementor - v3.19.0 - 07-02-2024 *\/\n.elementor-widget-image{text-align:center}.elementor-widget-image a{display:inline-block}.elementor-widget-image a img[src$=\".svg\"]{width:48px}.elementor-widget-image img{vertical-align:middle;display:inline-block}<\/style>\t\t\t\t\t\t\t\t\t\t<img fetchpriority=\"high\" decoding=\"async\" width=\"1000\" height=\"563\" src=\"https:\/\/www.sac-spa.it\/wp-content\/uploads\/2023\/07\/banner_Victoria_linea-pomodoro.jpg\" class=\"attachment-large size-large wp-image-4411\" alt=\"Conserve di pomodoro\" srcset=\"https:\/\/www.sac-spa.it\/wp-content\/uploads\/2023\/07\/banner_Victoria_linea-pomodoro.jpg 1000w, https:\/\/www.sac-spa.it\/wp-content\/uploads\/2023\/07\/banner_Victoria_linea-pomodoro-300x169.jpg 300w, https:\/\/www.sac-spa.it\/wp-content\/uploads\/2023\/07\/banner_Victoria_linea-pomodoro-768x432.jpg 768w\" sizes=\"(max-width: 1000px) 100vw, 1000px\" \/>\t\t\t\t\t\t\t\t\t\t\t\t\t<\/div>\n\t\t\t\t<\/div>\n\t\t\t\t\t<\/div>\n\t\t<\/div>\n\t\t\t\t<div class=\"elementor-column elementor-col-50 elementor-top-column elementor-element elementor-element-05c551f\" data-id=\"05c551f\" data-element_type=\"column\" data-settings=\"{&quot;background_background&quot;:&quot;classic&quot;}\">\n\t\t\t<div class=\"elementor-widget-wrap elementor-element-populated\">\n\t\t\t\t\t\t<div class=\"elementor-element elementor-element-ce35f08 elementor-widget elementor-widget-heading\" data-id=\"ce35f08\" data-element_type=\"widget\" data-widget_type=\"heading.default\">\n\t\t\t\t<div class=\"elementor-widget-container\">\n\t\t\t<h2 class=\"elementor-heading-title elementor-size-default\">gamme de tomate\n<\/h2>\t\t<\/div>\n\t\t\t\t<\/div>\n\t\t\t\t<div class=\"elementor-element elementor-element-5e1f112 elementor-widget elementor-widget-text-editor\" data-id=\"5e1f112\" data-element_type=\"widget\" data-widget_type=\"text-editor.default\">\n\t\t\t\t<div class=\"elementor-widget-container\">\n\t\t\t\t\t\t\t<p style=\"text-align: left;\">La tomate repr\u00e9sente le c\u0153ur de m\u00e9tier de notre entreprise et nous offrons un large choix de produits pour le march\u00e9 au d\u00e9tail et pour la restauration.<\/p>\n\t\t\t\t\t\t<\/div>\n\t\t\t\t<\/div>\n\t\t\t\t<div class=\"elementor-element elementor-element-0d23d53 elementor-align-left elementor-widget elementor-widget-button\" data-id=\"0d23d53\" data-element_type=\"widget\" data-widget_type=\"button.default\">\n\t\t\t\t<div class=\"elementor-widget-container\">\n\t\t\t\t\t<div class=\"elementor-button-wrapper\">\n\t\t\t<a class=\"elementor-button elementor-button-link elementor-size-sm\" href=\"https:\/\/www.sac-spa.it\/fr\/gamme-de-tomate\/\">\n\t\t\t\t\t\t<span class=\"elementor-button-content-wrapper\">\n\t\t\t\t\t\t<span class=\"elementor-button-text\">LIRE LA SUITE<\/span>\n\t\t<\/span>\n\t\t\t\t\t<\/a>\n\t\t<\/div>\n\t\t\t\t<\/div>\n\t\t\t\t<\/div>\n\t\t\t\t\t<\/div>\n\t\t<\/div>\n\t\t\t\t\t<\/div>\n\t\t<\/section>\n\t\t\t\t<section class=\"elementor-section elementor-top-section elementor-element elementor-element-e32f601 elementor-section-full_width elementor-section-height-default elementor-section-height-default\" data-id=\"e32f601\" data-element_type=\"section\" data-settings=\"{&quot;background_background&quot;:&quot;classic&quot;}\">\n\t\t\t\t\t\t<div class=\"elementor-container elementor-column-gap-default\">\n\t\t\t\t\t<div class=\"elementor-column elementor-col-50 elementor-top-column elementor-element elementor-element-43afd12\" data-id=\"43afd12\" data-element_type=\"column\" data-settings=\"{&quot;background_background&quot;:&quot;gradient&quot;}\">\n\t\t\t<div class=\"elementor-widget-wrap elementor-element-populated\">\n\t\t\t\t\t\t<div class=\"elementor-element elementor-element-1aaf357 elementor-widget elementor-widget-heading\" data-id=\"1aaf357\" data-element_type=\"widget\" data-widget_type=\"heading.default\">\n\t\t\t\t<div class=\"elementor-widget-container\">\n\t\t\t<h2 class=\"elementor-heading-title elementor-size-default\">autre gammes<\/h2>\t\t<\/div>\n\t\t\t\t<\/div>\n\t\t\t\t<div class=\"elementor-element elementor-element-c9e7d32 elementor-widget elementor-widget-text-editor\" data-id=\"c9e7d32\" data-element_type=\"widget\" data-widget_type=\"text-editor.default\">\n\t\t\t\t<div class=\"elementor-widget-container\">\n\t\t\t\t\t\t\t<p style=\"text-align: left;\">Nous avons ajout\u00e9 \u00e0 la tomate, notre c\u0153ur de m\u00e9tier, d\u2019autres familles de produits pour renforcer notre marque Victoria, pour compl\u00e9ter l\u2019offre et optimiser la logistique.<\/p>\n\t\t\t\t\t\t<\/div>\n\t\t\t\t<\/div>\n\t\t\t\t<div class=\"elementor-element elementor-element-826acaa elementor-align-left elementor-widget elementor-widget-button\" data-id=\"826acaa\" data-element_type=\"widget\" data-widget_type=\"button.default\">\n\t\t\t\t<div class=\"elementor-widget-container\">\n\t\t\t\t\t<div class=\"elementor-button-wrapper\">\n\t\t\t<a class=\"elementor-button elementor-button-link elementor-size-sm\" href=\"https:\/\/www.sac-spa.it\/fr\/autres-gammes\/\">\n\t\t\t\t\t\t<span class=\"elementor-button-content-wrapper\">\n\t\t\t\t\t\t<span class=\"elementor-button-text\">LIRE LA SUITE<\/span>\n\t\t<\/span>\n\t\t\t\t\t<\/a>\n\t\t<\/div>\n\t\t\t\t<\/div>\n\t\t\t\t<\/div>\n\t\t\t\t\t<\/div>\n\t\t<\/div>\n\t\t\t\t<div class=\"elementor-column elementor-col-50 elementor-top-column elementor-element elementor-element-28e0a2c\" data-id=\"28e0a2c\" data-element_type=\"column\" data-settings=\"{&quot;background_background&quot;:&quot;classic&quot;}\">\n\t\t\t<div class=\"elementor-widget-wrap elementor-element-populated\">\n\t\t\t\t\t\t<div class=\"elementor-element elementor-element-8545785 elementor-widget elementor-widget-image\" data-id=\"8545785\" data-element_type=\"widget\" data-widget_type=\"image.default\">\n\t\t\t\t<div class=\"elementor-widget-container\">\n\t\t\t\t\t\t\t\t\t\t\t\t\t<img decoding=\"async\" width=\"1000\" height=\"563\" src=\"https:\/\/www.sac-spa.it\/wp-content\/uploads\/2023\/07\/banner_victoria_altre-linee.jpg\" class=\"attachment-large size-large wp-image-4403\" alt=\"Scatolame\" srcset=\"https:\/\/www.sac-spa.it\/wp-content\/uploads\/2023\/07\/banner_victoria_altre-linee.jpg 1000w, https:\/\/www.sac-spa.it\/wp-content\/uploads\/2023\/07\/banner_victoria_altre-linee-300x169.jpg 300w, https:\/\/www.sac-spa.it\/wp-content\/uploads\/2023\/07\/banner_victoria_altre-linee-768x432.jpg 768w\" sizes=\"(max-width: 1000px) 100vw, 1000px\" \/>\t\t\t\t\t\t\t\t\t\t\t\t\t<\/div>\n\t\t\t\t<\/div>\n\t\t\t\t\t<\/div>\n\t\t<\/div>\n\t\t\t\t\t<\/div>\n\t\t<\/section>\n\t\t\t\t<\/div>\n\t\t","protected":false},"excerpt":{"rendered":"<p>SAC S.p.A. La tradition des conserves alimentaires sur le march\u00e9 mondial Victoria est la marque sous laquelle SAC est pr\u00e9sent dans les rayons des supermarch\u00e9s du monde entier, avec une large gamme de produits \u00e0 base de tomates, mais aussi de l\u00e9gumes secs et de fruits en conserve, de p\u00e2tes, d\u2019huile, de vinaigre et bien [&hellip;]<\/p>\n","protected":false},"author":6,"featured_media":0,"parent":0,"menu_order":0,"comment_status":"closed","ping_status":"closed","template":"","meta":{"_acf_changed":false,"site-sidebar-layout":"no-sidebar","site-content-layout":"page-builder","ast-site-content-layout":"","site-content-style":"default","site-sidebar-style":"default","ast-global-header-display":"","ast-banner-title-visibility":"","ast-main-header-display":"","ast-hfb-above-header-display":"","ast-hfb-below-header-display":"","ast-hfb-mobile-header-display":"","site-post-title":"disabled","ast-breadcrumbs-content":"","ast-featured-img":"disabled","footer-sml-layout":"","theme-transparent-header-meta":"","adv-header-id-meta":"","stick-header-meta":"","header-above-stick-meta":"","header-main-stick-meta":"","header-below-stick-meta":"","astra-migrate-meta-layouts":"default","ast-page-background-enabled":"default","ast-page-background-meta":{"desktop":{"background-color":"var(--ast-global-color-4)","background-image":"","background-repeat":"repeat","background-position":"center center","background-size":"auto","background-attachment":"scroll","background-type":"","background-media":"","overlay-type":"","overlay-color":"","overlay-gradient":""},"tablet":{"background-color":"","background-image":"","background-repeat":"repeat","background-position":"center center","background-size":"auto","background-attachment":"scroll","background-type":"","background-media":"","overlay-type":"","overlay-color":"","overlay-gradient":""},"mobile":{"background-color":"","background-image":"","background-repeat":"repeat","background-position":"center center","background-size":"auto","background-attachment":"scroll","background-type":"","background-media":"","overlay-type":"","overlay-color":"","overlay-gradient":""}},"ast-content-background-meta":{"desktop":{"background-color":"var(--ast-global-color-5)","background-image":"","background-repeat":"repeat","background-position":"center center","background-size":"auto","background-attachment":"scroll","background-type":"","background-media":"","overlay-type":"","overlay-color":"","overlay-gradient":""},"tablet":{"background-color":"var(--ast-global-color-5)","background-image":"","background-repeat":"repeat","background-position":"center center","background-size":"auto","background-attachment":"scroll","background-type":"","background-media":"","overlay-type":"","overlay-color":"","overlay-gradient":""},"mobile":{"background-color":"var(--ast-global-color-5)","background-image":"","background-repeat":"repeat","background-position":"center center","background-size":"auto","background-attachment":"scroll","background-type":"","background-media":"","overlay-type":"","overlay-color":"","overlay-gradient":""}},"footnotes":""},"class_list":["post-4293","page","type-page","status-publish","hentry"],"acf":[],"yoast_head":"<!-- This site is optimized with the Yoast SEO plugin v22.0 - https:\/\/yoast.com\/wordpress\/plugins\/seo\/ -->\n<title>Victoria - SAC<\/title>\n<meta name=\"robots\" content=\"index, follow, max-snippet:-1, max-image-preview:large, max-video-preview:-1\" \/>\n<link rel=\"canonical\" href=\"https:\/\/www.sac-spa.it\/fr\/victoria\/\" \/>\n<meta property=\"og:locale\" content=\"fr_FR\" \/>\n<meta property=\"og:type\" content=\"article\" \/>\n<meta property=\"og:title\" content=\"Victoria - SAC\" \/>\n<meta property=\"og:description\" content=\"SAC S.p.A. La tradition des conserves alimentaires sur le march\u00e9 mondial Victoria est la marque sous laquelle SAC est pr\u00e9sent dans les rayons des supermarch\u00e9s du monde entier, avec une large gamme de produits \u00e0 base de tomates, mais aussi de l\u00e9gumes secs et de fruits en conserve, de p\u00e2tes, d\u2019huile, de vinaigre et bien [&hellip;]\" \/>\n<meta property=\"og:url\" content=\"https:\/\/www.sac-spa.it\/fr\/victoria\/\" \/>\n<meta property=\"og:site_name\" content=\"SAC\" \/>\n<meta property=\"article:modified_time\" content=\"2023-08-02T10:35:12+00:00\" \/>\n<meta property=\"og:image\" content=\"https:\/\/www.sac-spa.it\/wp-content\/uploads\/2023\/07\/banner_Victoria_linea-pomodoro.jpg\" \/>\n<meta name=\"twitter:card\" content=\"summary_large_image\" \/>\n<meta name=\"twitter:label1\" content=\"Dur\u00e9e de lecture estim\u00e9e\" \/>\n\t<meta name=\"twitter:data1\" content=\"1 minute\" \/>\n<script type=\"application\/ld+json\" class=\"yoast-schema-graph\">{\"@context\":\"https:\/\/schema.org\",\"@graph\":[{\"@type\":\"WebPage\",\"@id\":\"https:\/\/www.sac-spa.it\/fr\/victoria\/\",\"url\":\"https:\/\/www.sac-spa.it\/fr\/victoria\/\",\"name\":\"Victoria - SAC\",\"isPartOf\":{\"@id\":\"http:\/\/127.0.0.1:8080\/#website\"},\"datePublished\":\"2023-07-26T10:15:23+00:00\",\"dateModified\":\"2023-08-02T10:35:12+00:00\",\"inLanguage\":\"fr-FR\",\"potentialAction\":[{\"@type\":\"ReadAction\",\"target\":[\"https:\/\/www.sac-spa.it\/fr\/victoria\/\"]}]},{\"@type\":\"WebSite\",\"@id\":\"http:\/\/127.0.0.1:8080\/#website\",\"url\":\"http:\/\/127.0.0.1:8080\/\",\"name\":\"SAC\",\"description\":\"from seed to table\",\"publisher\":{\"@id\":\"http:\/\/127.0.0.1:8080\/#organization\"},\"potentialAction\":[{\"@type\":\"SearchAction\",\"target\":{\"@type\":\"EntryPoint\",\"urlTemplate\":\"http:\/\/127.0.0.1:8080\/?s={search_term_string}\"},\"query-input\":\"required name=search_term_string\"}],\"inLanguage\":\"fr-FR\"},{\"@type\":\"Organization\",\"@id\":\"http:\/\/127.0.0.1:8080\/#organization\",\"name\":\"SAC\",\"url\":\"http:\/\/127.0.0.1:8080\/\",\"logo\":{\"@type\":\"ImageObject\",\"inLanguage\":\"fr-FR\",\"@id\":\"http:\/\/127.0.0.1:8080\/#\/schema\/logo\/image\/\",\"url\":\"https:\/\/www.sac-spa.it\/wp-content\/uploads\/2023\/04\/LOGO-SAC.png\",\"contentUrl\":\"https:\/\/www.sac-spa.it\/wp-content\/uploads\/2023\/04\/LOGO-SAC.png\",\"width\":284,\"height\":153,\"caption\":\"SAC\"},\"image\":{\"@id\":\"http:\/\/127.0.0.1:8080\/#\/schema\/logo\/image\/\"}}]}<\/script>\n<!-- \/ Yoast SEO plugin. -->","yoast_head_json":{"title":"Victoria - SAC","robots":{"index":"index","follow":"follow","max-snippet":"max-snippet:-1","max-image-preview":"max-image-preview:large","max-video-preview":"max-video-preview:-1"},"canonical":"https:\/\/www.sac-spa.it\/fr\/victoria\/","og_locale":"fr_FR","og_type":"article","og_title":"Victoria - SAC","og_description":"SAC S.p.A. La tradition des conserves alimentaires sur le march\u00e9 mondial Victoria est la marque sous laquelle SAC est pr\u00e9sent dans les rayons des supermarch\u00e9s du monde entier, avec une large gamme de produits \u00e0 base de tomates, mais aussi de l\u00e9gumes secs et de fruits en conserve, de p\u00e2tes, d\u2019huile, de vinaigre et bien [&hellip;]","og_url":"https:\/\/www.sac-spa.it\/fr\/victoria\/","og_site_name":"SAC","article_modified_time":"2023-08-02T10:35:12+00:00","og_image":[{"url":"https:\/\/www.sac-spa.it\/wp-content\/uploads\/2023\/07\/banner_Victoria_linea-pomodoro.jpg"}],"twitter_card":"summary_large_image","twitter_misc":{"Dur\u00e9e de lecture estim\u00e9e":"1 minute"},"schema":{"@context":"https:\/\/schema.org","@graph":[{"@type":"WebPage","@id":"https:\/\/www.sac-spa.it\/fr\/victoria\/","url":"https:\/\/www.sac-spa.it\/fr\/victoria\/","name":"Victoria - SAC","isPartOf":{"@id":"http:\/\/127.0.0.1:8080\/#website"},"datePublished":"2023-07-26T10:15:23+00:00","dateModified":"2023-08-02T10:35:12+00:00","inLanguage":"fr-FR","potentialAction":[{"@type":"ReadAction","target":["https:\/\/www.sac-spa.it\/fr\/victoria\/"]}]},{"@type":"WebSite","@id":"http:\/\/127.0.0.1:8080\/#website","url":"http:\/\/127.0.0.1:8080\/","name":"SAC","description":"from seed to table","publisher":{"@id":"http:\/\/127.0.0.1:8080\/#organization"},"potentialAction":[{"@type":"SearchAction","target":{"@type":"EntryPoint","urlTemplate":"http:\/\/127.0.0.1:8080\/?s={search_term_string}"},"query-input":"required name=search_term_string"}],"inLanguage":"fr-FR"},{"@type":"Organization","@id":"http:\/\/127.0.0.1:8080\/#organization","name":"SAC","url":"http:\/\/127.0.0.1:8080\/","logo":{"@type":"ImageObject","inLanguage":"fr-FR","@id":"http:\/\/127.0.0.1:8080\/#\/schema\/logo\/image\/","url":"https:\/\/www.sac-spa.it\/wp-content\/uploads\/2023\/04\/LOGO-SAC.png","contentUrl":"https:\/\/www.sac-spa.it\/wp-content\/uploads\/2023\/04\/LOGO-SAC.png","width":284,"height":153,"caption":"SAC"},"image":{"@id":"http:\/\/127.0.0.1:8080\/#\/schema\/logo\/image\/"}}]}},"_links":{"self":[{"href":"https:\/\/www.sac-spa.it\/fr\/wp-json\/wp\/v2\/pages\/4293","targetHints":{"allow":["GET"]}}],"collection":[{"href":"https:\/\/www.sac-spa.it\/fr\/wp-json\/wp\/v2\/pages"}],"about":[{"href":"https:\/\/www.sac-spa.it\/fr\/wp-json\/wp\/v2\/types\/page"}],"author":[{"embeddable":true,"href":"https:\/\/www.sac-spa.it\/fr\/wp-json\/wp\/v2\/users\/6"}],"replies":[{"embeddable":true,"href":"https:\/\/www.sac-spa.it\/fr\/wp-json\/wp\/v2\/comments?post=4293"}],"version-history":[{"count":18,"href":"https:\/\/www.sac-spa.it\/fr\/wp-json\/wp\/v2\/pages\/4293\/revisions"}],"predecessor-version":[{"id":4551,"href":"https:\/\/www.sac-spa.it\/fr\/wp-json\/wp\/v2\/pages\/4293\/revisions\/4551"}],"wp:attachment":[{"href":"https:\/\/www.sac-spa.it\/fr\/wp-json\/wp\/v2\/media?parent=4293"}],"curies":[{"name":"wp","href":"https:\/\/api.w.org\/{rel}","templated":true}]}}