{"id":5172,"date":"2025-12-15T15:02:22","date_gmt":"2025-12-15T15:02:22","guid":{"rendered":"https:\/\/www.sac-spa.it\/dichiarazione-di-accessibilita\/"},"modified":"2026-03-16T10:31:22","modified_gmt":"2026-03-16T10:31:22","slug":"declaration-d-accessibilite","status":"publish","type":"page","link":"https:\/\/www.sac-spa.it\/fr\/declaration-d-accessibilite\/","title":{"rendered":"D\u00e9claration d&#8217;accessibilit\u00e9"},"content":{"rendered":"\t\t<div data-elementor-type=\"wp-page\" data-elementor-id=\"5172\" class=\"elementor elementor-5172 elementor-5155\" data-elementor-post-type=\"page\">\n\t\t\t\t\t\t<section class=\"elementor-section elementor-top-section elementor-element elementor-element-32aedff elementor-section-boxed elementor-section-height-default elementor-section-height-default\" data-id=\"32aedff\" data-element_type=\"section\">\n\t\t\t\t\t\t<div class=\"elementor-container elementor-column-gap-default\">\n\t\t\t\t\t<div class=\"elementor-column elementor-col-100 elementor-top-column elementor-element elementor-element-5b652a2\" data-id=\"5b652a2\" data-element_type=\"column\">\n\t\t\t<div class=\"elementor-widget-wrap elementor-element-populated\">\n\t\t\t\t\t\t<div class=\"elementor-element elementor-element-694191a elementor-widget elementor-widget-text-editor\" data-id=\"694191a\" data-element_type=\"widget\" data-widget_type=\"text-editor.default\">\n\t\t\t\t<div class=\"elementor-widget-container\">\n\t\t\t<style>\/*! elementor - v3.19.0 - 07-02-2024 *\/\n.elementor-widget-text-editor.elementor-drop-cap-view-stacked .elementor-drop-cap{background-color:#69727d;color:#fff}.elementor-widget-text-editor.elementor-drop-cap-view-framed .elementor-drop-cap{color:#69727d;border:3px solid;background-color:transparent}.elementor-widget-text-editor:not(.elementor-drop-cap-view-default) .elementor-drop-cap{margin-top:8px}.elementor-widget-text-editor:not(.elementor-drop-cap-view-default) .elementor-drop-cap-letter{width:1em;height:1em}.elementor-widget-text-editor .elementor-drop-cap{float:left;text-align:center;line-height:1;font-size:50px}.elementor-widget-text-editor .elementor-drop-cap-letter{display:inline-block}<\/style>\t\t\t\t<h1>D\u00c9CLARATION D&#8217;ACCESSIBILIT\u00c9<\/h1>\n\t\t\t\t\t\t<\/div>\n\t\t\t\t<\/div>\n\t\t\t\t<div class=\"elementor-element elementor-element-e29702f elementor-widget elementor-widget-text-editor\" data-id=\"e29702f\" data-element_type=\"widget\" data-widget_type=\"text-editor.default\">\n\t\t\t\t<div class=\"elementor-widget-container\">\n\t\t\t\t\t\t\t<p><strong>Notre engagement pour l&#8217;accessibilit\u00e9 num\u00e9rique<\/strong><\/p>\n<p>Nous travaillons constamment \u00e0 optimiser l&#8217;accessibilit\u00e9 du site web Pom\u00ec afin d&#8217;am\u00e9liorer l&#8217;exp\u00e9rience de navigation pour tous les utilisateurs, notamment les personnes en situation de handicap, les personnes \u00e2g\u00e9es, celles qui ont des difficult\u00e9s \u00e0 lire, \u00e0 \u00e9crire ou \u00e0 effectuer des calculs, et\/ou celles qui ma\u00eetrisent mal la langue. Notre objectif est d&#8217;offrir une exp\u00e9rience de navigation fluide et inclusive. <\/p>\n<p><strong>Ce que nous faisons pour am\u00e9liorer l&#8217;accessibilit\u00e9 num\u00e9rique<\/strong><\/p>\n<p>Nous nous effor\u00e7ons d&#8217;\u00e9liminer tout probl\u00e8me d&#8217;accessibilit\u00e9 en analysant et en surveillant le niveau d&#8217;accessibilit\u00e9 avec le soutien de <a href=\"https:\/\/yeahimpresasociale.it\" target=\"_blank\" rel=\"noopener\" data-cke-saved-href=\"https:\/\/yeahimpresasociale.it\">Yeah!<\/a>, une coop\u00e9rative sociale engag\u00e9e pour l&#8217;inclusion num\u00e9rique et professionnelle des personnes en situation de handicap.<\/p>\n<p><strong>Activit\u00e9s d\u00e9taill\u00e9es:<\/strong><\/p>\n<ul>\n<li>Analyse technique r\u00e9alis\u00e9e par des experts en accessibilit\u00e9 web, bas\u00e9e sur les normes internationales W3C WCAG 2.1<\/li>\n<li>Tests utilisateurs avec la participation d&#8217;utilisateurs en situation de handicap<\/li>\n<li>Publication de la \u00ab D\u00e9claration d&#8217;accessibilit\u00e9 \u00bb<\/li>\n<\/ul>\n<p><strong>Activit\u00e9s en cours:<\/strong><\/p>\n<ul>\n<li>Plan de correction des probl\u00e8mes critiques<\/li>\n<\/ul>\n<div data-cke-filler-webkit=\"end\" data-cke-temp=\"1\"><a href=\"https:\/\/www.sac-spa.it\/wp-content\/uploads\/2025\/12\/Dichiarazione-Accessibilita_SAC_SPA.pdf\">D\u00e9claration d&#8217;accessibilit\u00e9 2025<\/a><\/div>\t\t\t\t\t\t<\/div>\n\t\t\t\t<\/div>\n\t\t\t\t\t<\/div>\n\t\t<\/div>\n\t\t\t\t\t<\/div>\n\t\t<\/section>\n\t\t\t\t<\/div>\n\t\t","protected":false},"excerpt":{"rendered":"<p>D\u00c3\u2030CLARATION D&#8217;ACCESSIBILIT\u00c3\u2030 Notre engagement pour l&#8217;accessibilit\u00c3\u00a9 num\u00c3\u00a9rique Nous travaillons constamment \u00c3\u00a0 optimiser l&#8217;accessibilit\u00c3\u00a9 du site web Pom\u00c3\u00ac afin d&#8217;am\u00c3\u00a9liorer l&#8217;exp\u00c3\u00a9rience de navigation pour tous les utilisateurs, notamment les personnes en situation de handicap, les personnes \u00c3\u00a2g\u00c3\u00a9es, celles qui ont des difficult\u00c3\u00a9s \u00c3\u00a0 lire, \u00c3\u00a0 \u00c3\u00a9crire ou \u00c3\u00a0 effectuer des calculs, et\/ou celles qui ma\u00c3\u00aetrisent mal [&hellip;]<\/p>\n","protected":false},"author":6,"featured_media":0,"parent":0,"menu_order":0,"comment_status":"closed","ping_status":"closed","template":"","meta":{"_acf_changed":false,"site-sidebar-layout":"no-sidebar","site-content-layout":"page-builder","ast-site-content-layout":"full-width-container","site-content-style":"default","site-sidebar-style":"default","ast-global-header-display":"","ast-banner-title-visibility":"","ast-main-header-display":"","ast-hfb-above-header-display":"","ast-hfb-below-header-display":"","ast-hfb-mobile-header-display":"","site-post-title":"disabled","ast-breadcrumbs-content":"","ast-featured-img":"disabled","footer-sml-layout":"","theme-transparent-header-meta":"","adv-header-id-meta":"","stick-header-meta":"","header-above-stick-meta":"","header-main-stick-meta":"","header-below-stick-meta":"","astra-migrate-meta-layouts":"set","ast-page-background-enabled":"default","ast-page-background-meta":{"desktop":{"background-color":"var(--ast-global-color-4)","background-image":"","background-repeat":"repeat","background-position":"center center","background-size":"auto","background-attachment":"scroll","background-type":"","background-media":"","overlay-type":"","overlay-color":"","overlay-gradient":""},"tablet":{"background-color":"","background-image":"","background-repeat":"repeat","background-position":"center center","background-size":"auto","background-attachment":"scroll","background-type":"","background-media":"","overlay-type":"","overlay-color":"","overlay-gradient":""},"mobile":{"background-color":"","background-image":"","background-repeat":"repeat","background-position":"center center","background-size":"auto","background-attachment":"scroll","background-type":"","background-media":"","overlay-type":"","overlay-color":"","overlay-gradient":""}},"ast-content-background-meta":{"desktop":{"background-color":"var(--ast-global-color-5)","background-image":"","background-repeat":"repeat","background-position":"center center","background-size":"auto","background-attachment":"scroll","background-type":"","background-media":"","overlay-type":"","overlay-color":"","overlay-gradient":""},"tablet":{"background-color":"var(--ast-global-color-5)","background-image":"","background-repeat":"repeat","background-position":"center center","background-size":"auto","background-attachment":"scroll","background-type":"","background-media":"","overlay-type":"","overlay-color":"","overlay-gradient":""},"mobile":{"background-color":"var(--ast-global-color-5)","background-image":"","background-repeat":"repeat","background-position":"center center","background-size":"auto","background-attachment":"scroll","background-type":"","background-media":"","overlay-type":"","overlay-color":"","overlay-gradient":""}},"footnotes":""},"class_list":["post-5172","page","type-page","status-publish","hentry"],"acf":[],"yoast_head":"<!-- This site is optimized with the Yoast SEO plugin v22.0 - https:\/\/yoast.com\/wordpress\/plugins\/seo\/ -->\n<title>D\u00e9claration d&#039;accessibilit\u00e9 - SAC<\/title>\n<meta name=\"robots\" content=\"index, follow, max-snippet:-1, max-image-preview:large, max-video-preview:-1\" \/>\n<link rel=\"canonical\" href=\"https:\/\/www.sac-spa.it\/fr\/declaration-d-accessibilite\/\" \/>\n<meta property=\"og:locale\" content=\"fr_FR\" \/>\n<meta property=\"og:type\" content=\"article\" \/>\n<meta property=\"og:title\" content=\"D\u00e9claration d&#039;accessibilit\u00e9 - SAC\" \/>\n<meta property=\"og:description\" content=\"D\u00c3\u2030CLARATION D&#8217;ACCESSIBILIT\u00c3\u2030 Notre engagement pour l&#8217;accessibilit\u00c3\u00a9 num\u00c3\u00a9rique Nous travaillons constamment \u00c3\u00a0 optimiser l&#8217;accessibilit\u00c3\u00a9 du site web Pom\u00c3\u00ac afin d&#8217;am\u00c3\u00a9liorer l&#8217;exp\u00c3\u00a9rience de navigation pour tous les utilisateurs, notamment les personnes en situation de handicap, les personnes \u00c3\u00a2g\u00c3\u00a9es, celles qui ont des difficult\u00c3\u00a9s \u00c3\u00a0 lire, \u00c3\u00a0 \u00c3\u00a9crire ou \u00c3\u00a0 effectuer des calculs, et\/ou celles qui ma\u00c3\u00aetrisent mal [&hellip;]\" \/>\n<meta property=\"og:url\" content=\"https:\/\/www.sac-spa.it\/fr\/declaration-d-accessibilite\/\" \/>\n<meta property=\"og:site_name\" content=\"SAC\" \/>\n<meta property=\"article:modified_time\" content=\"2026-03-16T10:31:22+00:00\" \/>\n<meta name=\"twitter:card\" content=\"summary_large_image\" \/>\n<meta name=\"twitter:label1\" content=\"Dur\u00e9e de lecture estim\u00e9e\" \/>\n\t<meta name=\"twitter:data1\" content=\"1 minute\" \/>\n<script type=\"application\/ld+json\" class=\"yoast-schema-graph\">{\"@context\":\"https:\/\/schema.org\",\"@graph\":[{\"@type\":\"WebPage\",\"@id\":\"https:\/\/www.sac-spa.it\/fr\/declaration-d-accessibilite\/\",\"url\":\"https:\/\/www.sac-spa.it\/fr\/declaration-d-accessibilite\/\",\"name\":\"D\u00e9claration d'accessibilit\u00e9 - SAC\",\"isPartOf\":{\"@id\":\"http:\/\/127.0.0.1:8080\/#website\"},\"datePublished\":\"2025-12-15T15:02:22+00:00\",\"dateModified\":\"2026-03-16T10:31:22+00:00\",\"inLanguage\":\"fr-FR\",\"potentialAction\":[{\"@type\":\"ReadAction\",\"target\":[\"https:\/\/www.sac-spa.it\/fr\/declaration-d-accessibilite\/\"]}]},{\"@type\":\"WebSite\",\"@id\":\"http:\/\/127.0.0.1:8080\/#website\",\"url\":\"http:\/\/127.0.0.1:8080\/\",\"name\":\"SAC\",\"description\":\"from seed to table\",\"publisher\":{\"@id\":\"http:\/\/127.0.0.1:8080\/#organization\"},\"potentialAction\":[{\"@type\":\"SearchAction\",\"target\":{\"@type\":\"EntryPoint\",\"urlTemplate\":\"http:\/\/127.0.0.1:8080\/?s={search_term_string}\"},\"query-input\":\"required name=search_term_string\"}],\"inLanguage\":\"fr-FR\"},{\"@type\":\"Organization\",\"@id\":\"http:\/\/127.0.0.1:8080\/#organization\",\"name\":\"SAC\",\"url\":\"http:\/\/127.0.0.1:8080\/\",\"logo\":{\"@type\":\"ImageObject\",\"inLanguage\":\"fr-FR\",\"@id\":\"http:\/\/127.0.0.1:8080\/#\/schema\/logo\/image\/\",\"url\":\"https:\/\/www.sac-spa.it\/wp-content\/uploads\/2023\/04\/LOGO-SAC.png\",\"contentUrl\":\"https:\/\/www.sac-spa.it\/wp-content\/uploads\/2023\/04\/LOGO-SAC.png\",\"width\":284,\"height\":153,\"caption\":\"SAC\"},\"image\":{\"@id\":\"http:\/\/127.0.0.1:8080\/#\/schema\/logo\/image\/\"}}]}<\/script>\n<!-- \/ Yoast SEO plugin. -->","yoast_head_json":{"title":"D\u00e9claration d'accessibilit\u00e9 - SAC","robots":{"index":"index","follow":"follow","max-snippet":"max-snippet:-1","max-image-preview":"max-image-preview:large","max-video-preview":"max-video-preview:-1"},"canonical":"https:\/\/www.sac-spa.it\/fr\/declaration-d-accessibilite\/","og_locale":"fr_FR","og_type":"article","og_title":"D\u00e9claration d'accessibilit\u00e9 - SAC","og_description":"D\u00c3\u2030CLARATION D&#8217;ACCESSIBILIT\u00c3\u2030 Notre engagement pour l&#8217;accessibilit\u00c3\u00a9 num\u00c3\u00a9rique Nous travaillons constamment \u00c3\u00a0 optimiser l&#8217;accessibilit\u00c3\u00a9 du site web Pom\u00c3\u00ac afin d&#8217;am\u00c3\u00a9liorer l&#8217;exp\u00c3\u00a9rience de navigation pour tous les utilisateurs, notamment les personnes en situation de handicap, les personnes \u00c3\u00a2g\u00c3\u00a9es, celles qui ont des difficult\u00c3\u00a9s \u00c3\u00a0 lire, \u00c3\u00a0 \u00c3\u00a9crire ou \u00c3\u00a0 effectuer des calculs, et\/ou celles qui ma\u00c3\u00aetrisent mal [&hellip;]","og_url":"https:\/\/www.sac-spa.it\/fr\/declaration-d-accessibilite\/","og_site_name":"SAC","article_modified_time":"2026-03-16T10:31:22+00:00","twitter_card":"summary_large_image","twitter_misc":{"Dur\u00e9e de lecture estim\u00e9e":"1 minute"},"schema":{"@context":"https:\/\/schema.org","@graph":[{"@type":"WebPage","@id":"https:\/\/www.sac-spa.it\/fr\/declaration-d-accessibilite\/","url":"https:\/\/www.sac-spa.it\/fr\/declaration-d-accessibilite\/","name":"D\u00e9claration d'accessibilit\u00e9 - SAC","isPartOf":{"@id":"http:\/\/127.0.0.1:8080\/#website"},"datePublished":"2025-12-15T15:02:22+00:00","dateModified":"2026-03-16T10:31:22+00:00","inLanguage":"fr-FR","potentialAction":[{"@type":"ReadAction","target":["https:\/\/www.sac-spa.it\/fr\/declaration-d-accessibilite\/"]}]},{"@type":"WebSite","@id":"http:\/\/127.0.0.1:8080\/#website","url":"http:\/\/127.0.0.1:8080\/","name":"SAC","description":"from seed to table","publisher":{"@id":"http:\/\/127.0.0.1:8080\/#organization"},"potentialAction":[{"@type":"SearchAction","target":{"@type":"EntryPoint","urlTemplate":"http:\/\/127.0.0.1:8080\/?s={search_term_string}"},"query-input":"required name=search_term_string"}],"inLanguage":"fr-FR"},{"@type":"Organization","@id":"http:\/\/127.0.0.1:8080\/#organization","name":"SAC","url":"http:\/\/127.0.0.1:8080\/","logo":{"@type":"ImageObject","inLanguage":"fr-FR","@id":"http:\/\/127.0.0.1:8080\/#\/schema\/logo\/image\/","url":"https:\/\/www.sac-spa.it\/wp-content\/uploads\/2023\/04\/LOGO-SAC.png","contentUrl":"https:\/\/www.sac-spa.it\/wp-content\/uploads\/2023\/04\/LOGO-SAC.png","width":284,"height":153,"caption":"SAC"},"image":{"@id":"http:\/\/127.0.0.1:8080\/#\/schema\/logo\/image\/"}}]}},"_links":{"self":[{"href":"https:\/\/www.sac-spa.it\/fr\/wp-json\/wp\/v2\/pages\/5172","targetHints":{"allow":["GET"]}}],"collection":[{"href":"https:\/\/www.sac-spa.it\/fr\/wp-json\/wp\/v2\/pages"}],"about":[{"href":"https:\/\/www.sac-spa.it\/fr\/wp-json\/wp\/v2\/types\/page"}],"author":[{"embeddable":true,"href":"https:\/\/www.sac-spa.it\/fr\/wp-json\/wp\/v2\/users\/6"}],"replies":[{"embeddable":true,"href":"https:\/\/www.sac-spa.it\/fr\/wp-json\/wp\/v2\/comments?post=5172"}],"version-history":[{"count":5,"href":"https:\/\/www.sac-spa.it\/fr\/wp-json\/wp\/v2\/pages\/5172\/revisions"}],"predecessor-version":[{"id":5249,"href":"https:\/\/www.sac-spa.it\/fr\/wp-json\/wp\/v2\/pages\/5172\/revisions\/5249"}],"wp:attachment":[{"href":"https:\/\/www.sac-spa.it\/fr\/wp-json\/wp\/v2\/media?parent=5172"}],"curies":[{"name":"wp","href":"https:\/\/api.w.org\/{rel}","templated":true}]}}